{"id":1483,"date":"2019-10-16T16:13:12","date_gmt":"2019-10-16T16:13:12","guid":{"rendered":"https:\/\/the7.io\/company\/?page_id=1483"},"modified":"2022-07-27T19:24:52","modified_gmt":"2022-07-27T19:24:52","slug":"programas-servicios","status":"publish","type":"page","link":"https:\/\/dif.irapuato.gob.mx\/index.php\/programas-servicios\/","title":{"rendered":"Programas y servicios"},"content":{"rendered":"<p>[vc_row css=&#8221;.vc_custom_1658509997014{margin-top: 120px !important;}&#8221;][vc_column][vc_row_inner][vc_column_inner width=&#8221;1\/3&#8243; css=&#8221;.vc_custom_1575392638122{padding-bottom: 30px !important;}&#8221;]<div class=\"stats-block stats-top  \"><div class=\"aio-icon-top\"><div class=\"ult-just-icon-wrapper  \"><div class=\"align-icon\" style=\"text-align:center;\"><\/div><\/div><\/div><div class=\"stats-desc\" id=\"counter-responsv-wrap-7227\"><div id=\"counter_9228986169e4ae04823c6\" data-id=\"counter_9228986169e4ae04823c6\"  data-ultimate-target='#counter-responsv-wrap-7227 .stats-number'  data-responsive-json-new='{\"font-size\":\"desktop:60px;\",\"line-height\":\"desktop:70px;\"}'  class=\"stats-number ult-responsive\" style=\" color:#e01a76; font-weight:bold;color:#222222;\" data-speed=\"3\" data-counter-value=\"14\" data-separator=\",\" data-decimal=\"none\">0<\/div><div class=\"counter_suffix mycust ult-responsive\"  data-ultimate-target='#counter-responsv-wrap-7227 .mycust'  data-responsive-json-new='{\"font-size\":\"desktop:60px;\",\"line-height\":\"desktop:70px;\"}'  style=\" font-weight:bold;color:#222222\">+<\/div><div id=\"counter_9228986169e4ae04823c6\"  data-ultimate-target='#counter-responsv-wrap-7227 .stats-text'  data-responsive-json-new='{\"font-size\":\"desktop:16px;\",\"line-height\":\"desktop:28px;\"}'  class=\"stats-text ult-responsive\" style=\"font-size:px; color:#e01a76; font-weight:bold;\">Programas disponibles<\/div><\/div><\/div>[\/vc_column_inner][vc_column_inner width=&#8221;1\/3&#8243; css=&#8221;.vc_custom_1575392641496{padding-bottom: 30px !important;}&#8221;]<div class=\"stats-block stats-top  \"><div class=\"aio-icon-top\"><div class=\"ult-just-icon-wrapper  \"><div class=\"align-icon\" style=\"text-align:center;\"><\/div><\/div><\/div><div class=\"stats-desc\" id=\"counter-responsv-wrap-8137\"><div id=\"counter_241774533469e4ae0482446\" data-id=\"counter_241774533469e4ae0482446\"  data-ultimate-target='#counter-responsv-wrap-8137 .stats-number'  data-responsive-json-new='{\"font-size\":\"desktop:60px;\",\"line-height\":\"desktop:70px;\"}'  class=\"stats-number ult-responsive\" style=\" color:#e01a76; font-weight:bold;color:#222222;\" data-speed=\"3\" data-counter-value=\"135\" data-separator=\",\" data-decimal=\"none\">0<\/div><div id=\"counter_241774533469e4ae0482446\"  data-ultimate-target='#counter-responsv-wrap-8137 .stats-text'  data-responsive-json-new='{\"font-size\":\"desktop:16px;\",\"line-height\":\"desktop:28px;\"}'  class=\"stats-text ult-responsive\" style=\"font-size:px; color:#e01a76; font-weight:bold;\">Especialistas atendiendo<\/div><\/div><\/div>[\/vc_column_inner][vc_column_inner width=&#8221;1\/3&#8243; css=&#8221;.vc_custom_1575392645188{padding-bottom: 30px !important;}&#8221;]<div class=\"stats-block stats-top  \"><div class=\"aio-icon-top\"><div class=\"ult-just-icon-wrapper  \"><div class=\"align-icon\" style=\"text-align:center;\"><\/div><\/div><\/div><div class=\"stats-desc\" id=\"counter-responsv-wrap-7310\"><div id=\"counter_162604550369e4ae04824b4\" data-id=\"counter_162604550369e4ae04824b4\"  data-ultimate-target='#counter-responsv-wrap-7310 .stats-number'  data-responsive-json-new='{\"font-size\":\"desktop:60px;\",\"line-height\":\"desktop:70px;\"}'  class=\"stats-number ult-responsive\" style=\" color:#e01a76; font-weight:bold;color:#222222;\" data-speed=\"3\" data-counter-value=\"150000\" data-separator=\",\" data-decimal=\"none\">0<\/div><div class=\"counter_suffix mycust ult-responsive\"  data-ultimate-target='#counter-responsv-wrap-7310 .mycust'  data-responsive-json-new='{\"font-size\":\"desktop:60px;\",\"line-height\":\"desktop:70px;\"}'  style=\" font-weight:bold;color:#222222\">+<\/div><div id=\"counter_162604550369e4ae04824b4\"  data-ultimate-target='#counter-responsv-wrap-7310 .stats-text'  data-responsive-json-new='{\"font-size\":\"desktop:16px;\",\"line-height\":\"desktop:28px;\"}'  class=\"stats-text ult-responsive\" style=\"font-size:px; color:#e01a76; font-weight:bold;\">Poblaci\u00f3n atendida<\/div><\/div><\/div>[\/vc_column_inner][\/vc_row_inner][\/vc_column][\/vc_row][vc_row full_width=&#8221;stretch_row&#8221; equal_height=&#8221;yes&#8221; css=&#8221;.vc_custom_1658510034583{padding-bottom: 70px !important;background-color: rgba(255,255,255,0.04) !important;*background-color: rgb(255,255,255) !important;}&#8221;][vc_column][vc_row_inner equal_height=&#8221;yes&#8221; gap=&#8221;30&#8243; css=&#8221;.vc_custom_1658505088976{padding-right: 25px !important;padding-left: 25px !important;}&#8221;][vc_column_inner width=&#8221;1\/3&#8243; css=&#8221;.vc_custom_1575395583553{padding-top: 50px !important;padding-right: 10% !important;padding-bottom: 50px !important;padding-left: 10% !important;background-color: #ffffff !important;}&#8221;][vc_hoverbox image=&#8221;3853&#8243; primary_title=&#8221;&#8221; hover_title=&#8221;Rehabilitaci\u00f3n F\u00edsica&#8221; hover_title_font_container=&#8221;font_size:18px&#8221; hover_title_use_theme_fonts=&#8221;yes&#8221; use_custom_fonts_hover_title=&#8221;true&#8221; hover_title_link=&#8221;url:https%3A%2F%2Fdif.irapuato.gob.mx%2Findex.php%2F2022%2F07%2F22%2Frehabilitacion%2F&#8221;]Enfocados al tratamiento de enfermedades motrices, sensoriales y neurol\u00f3gicas.<\/p>\n<p>&nbsp;<\/p>\n<p>[\/vc_hoverbox][vc_hoverbox image=&#8221;3843&#8243; primary_title=&#8221;&#8221; hover_title=&#8221;Centro multidisciplinario para la atenci\u00f3n integral a la violencia&#8221; hover_title_font_container=&#8221;font_size:18px&#8221; hover_title_use_theme_fonts=&#8221;yes&#8221; use_custom_fonts_hover_title=&#8221;true&#8221; hover_title_link=&#8221;url:https%3A%2F%2Fdif.irapuato.gob.mx%2Findex.php%2F2022%2F07%2F26%2Fatencion-violencia%2F|title:Centro%20multidisciplinario%20para%20la%20atenci%C3%B3n%20integral%20a%20la%20violencia&#8221;]<\/p>\n<p>&nbsp;<\/p>\n<p>[\/vc_hoverbox][vc_hoverbox image=&#8221;3841&#8243; primary_title=&#8221;&#8221; hover_title=&#8221;Red m\u00f3vil-salud y Bienestar comunitario&#8221; hover_title_font_container=&#8221;font_size:18px&#8221; hover_title_use_theme_fonts=&#8221;yes&#8221; use_custom_fonts_hover_title=&#8221;true&#8221; hover_title_link=&#8221;url:https%3A%2F%2Fdif.irapuato.gob.mx%2Findex.php%2F2022%2F07%2F25%2Fred-movil-salud%2F&#8221;][\/vc_hoverbox][vc_hoverbox image=&#8221;3846&#8243; primary_title=&#8221;&#8221; hover_title=&#8221;DIF en tu comunidad&#8221; hover_title_font_container=&#8221;font_size:18px&#8221; hover_title_use_theme_fonts=&#8221;yes&#8221; use_custom_fonts_hover_title=&#8221;true&#8221; hover_title_link=&#8221;url:https%3A%2F%2Fdif.irapuato.gob.mx%2Findex.php%2F2022%2F07%2F25%2Fdif-en-tu-comunidad%2F&#8221;]Atender a personas de las comunidades rurales y de las zona urbana del municipio.<\/p>\n<p>[\/vc_hoverbox][vc_hoverbox image=&#8221;3850&#8243; primary_title=&#8221;&#8221; hover_title=&#8221;Fortalecimiento familiar&#8221; hover_title_font_container=&#8221;font_size:18px&#8221; hover_title_use_theme_fonts=&#8221;yes&#8221; use_custom_fonts_hover_title=&#8221;true&#8221; hover_title_link=&#8221;url:https%3A%2F%2Fdif.irapuato.gob.mx%2Findex.php%2F2022%2F07%2F25%2Ffortalecimiento-familiar%2F&#8221;]Contribuir al mejoramiento de las circunstancias y condiciones de la vida de las familias en situaci\u00f3n de vulnerabilidad.[\/vc_hoverbox][\/vc_column_inner][vc_column_inner width=&#8221;1\/3&#8243; css=&#8221;.vc_custom_1575395588583{padding-top: 50px !important;padding-right: 10% !important;padding-bottom: 50px !important;padding-left: 10% !important;background-color: #ffffff !important;}&#8221;][vc_hoverbox image=&#8221;3852&#8243; primary_title=&#8221;&#8221; hover_title=&#8221;Atenci\u00f3n a personas con discapacidad&#8221; hover_title_font_container=&#8221;font_size:18px&#8221; hover_title_use_theme_fonts=&#8221;yes&#8221; use_custom_fonts_hover_title=&#8221;true&#8221; hover_title_link=&#8221;url:https%3A%2F%2Fdif.irapuato.gob.mx%2Findex.php%2F2022%2F07%2F25%2Fatencion-a-personas-con-discapacidad%2F&#8221;]Promover la Inclusi\u00f3n Social dentro de Irapuato.<\/p>\n<p>&nbsp;<\/p>\n<p>[\/vc_hoverbox][vc_hoverbox image=&#8221;3842&#8243; primary_title=&#8221;&#8221; hover_title=&#8221;Atenci\u00f3n a personas adultas mayores&#8221; hover_title_font_container=&#8221;font_size:18px&#8221; hover_title_use_theme_fonts=&#8221;yes&#8221; use_custom_fonts_hover_title=&#8221;true&#8221; hover_title_link=&#8221;url:https%3A%2F%2Fdif.irapuato.gob.mx%2Findex.php%2F2022%2F07%2F25%2Fatencion-a-personas-adultas-mayores%2F&#8221;]Atender al adulto mayor a trav\u00e9s de brindarle servicios y actividades.<\/p>\n<p>[\/vc_hoverbox][vc_hoverbox image=&#8221;3847&#8243; primary_title=&#8221;&#8221; hover_title=&#8221;Escuela de Enfermer\u00eda&#8221; hover_title_font_container=&#8221;font_size:18px&#8221; hover_title_use_theme_fonts=&#8221;yes&#8221; use_custom_fonts_hover_title=&#8221;true&#8221; hover_title_link=&#8221;url:https%3A%2F%2Fdif.irapuato.gob.mx%2Findex.php%2F2022%2F07%2F25%2Fescuela-de-enfermeria%2F&#8221;]Brindar educaci\u00f3n media superior a trav\u00e9s del bachillerato bivalente con preparaci\u00f3n t\u00e9cnica en Enfermer\u00eda General.<\/p>\n<p>[\/vc_hoverbox][vc_hoverbox image=&#8221;3844&#8243; primary_title=&#8221;&#8221; hover_title=&#8221;Capacitacioneas&#8221; hover_title_font_container=&#8221;font_size:18px&#8221; hover_title_use_theme_fonts=&#8221;yes&#8221; use_custom_fonts_hover_title=&#8221;true&#8221; hover_title_link=&#8221;url:https%3A%2F%2Fdif.irapuato.gob.mx%2Findex.php%2F2022%2F07%2F25%2Fcapacitaciones%2F&#8221;]Formar t\u00e9cnicos ocupacionales para contribuir a que la poblaci\u00f3n del municipio mejore su calidad y nivel de vida.<\/p>\n<p>&nbsp;<\/p>\n<p>[\/vc_hoverbox][vc_hoverbox image=&#8221;3848&#8243; primary_title=&#8221;&#8221; hover_title=&#8221;Estancia DIF&#8221; hover_title_font_container=&#8221;font_size:18px&#8221; hover_title_use_theme_fonts=&#8221;yes&#8221; use_custom_fonts_hover_title=&#8221;true&#8221; hover_title_link=&#8221;url:https%3A%2F%2Fdif.irapuato.gob.mx%2Findex.php%2F2022%2F07%2F26%2Festancia-dif%2F|title:Estancia%20DIF&#8221;]Atenci\u00f3n a personas en situaci\u00f3n de vulnerabilidad extrema a trav\u00e9s del albergue temporal durante todo el a\u00f1o.<\/p>\n<p>&nbsp;<\/p>\n<p>[\/vc_hoverbox][\/vc_column_inner][vc_column_inner width=&#8221;1\/3&#8243; css=&#8221;.vc_custom_1575395592955{padding-top: 50px !important;padding-right: 10% !important;padding-bottom: 50px !important;padding-left: 10% !important;background-color: #ffffff !important;}&#8221;][vc_hoverbox image=&#8221;3849&#8243; primary_title=&#8221;&#8221; hover_title=&#8221;Estimulaci\u00f3n temprana&#8221; hover_title_font_container=&#8221;font_size:18px&#8221; hover_title_use_theme_fonts=&#8221;yes&#8221; use_custom_fonts_hover_title=&#8221;true&#8221; hover_title_link=&#8221;url:https%3A%2F%2Fdif.irapuato.gob.mx%2Findex.php%2F2022%2F07%2F21%2Festimulacion-temprana%2F&#8221;]Permitir el m\u00e1ximo desarrollo de ni\u00f1os y ni\u00f1as, para prevenir y disminuir riesgos que puedan alterar su crecimiento normal.<\/p>\n<p>[\/vc_hoverbox][vc_hoverbox image=&#8221;3840&#8243; primary_title=&#8221;&#8221; hover_title=&#8221;Asistencia alimentaria&#8221; hover_title_font_container=&#8221;font_size:18px&#8221; hover_title_use_theme_fonts=&#8221;yes&#8221; use_custom_fonts_hover_title=&#8221;true&#8221; hover_title_link=&#8221;url:https%3A%2F%2Fdif.irapuato.gob.mx%2Findex.php%2F2022%2F07%2F25%2Fasistencia-alimentaria%2F&#8221;]Contribuir a un estado nutricional adecuado de la poblacion en condiciones de vulnerabilidad.<\/p>\n<p>&nbsp;<\/p>\n<p>[\/vc_hoverbox][vc_hoverbox image=&#8221;3854&#8243; primary_title=&#8221;&#8221; primary_align=&#8221;justify&#8221; hover_title=&#8221;Todos adelante GTO&#8221; hover_title_font_container=&#8221;font_size:18px&#8221; hover_title_use_theme_fonts=&#8221;yes&#8221; use_custom_fonts_hover_title=&#8221;true&#8221; hover_title_link=&#8221;url:https%3A%2F%2Fdif.irapuato.gob.mx%2Findex.php%2F2022%2F07%2F25%2Ftodos-adelante-gto%2F&#8221;]Brindar bienes o servicios de asistencia social a personas que se encuentran en alguna situaci\u00f3n de vulnerabilidad.<\/p>\n<p>&nbsp;<\/p>\n<p>[\/vc_hoverbox][vc_hoverbox image=&#8221;3843&#8243; primary_title=&#8221;&#8221; primary_align=&#8221;justify&#8221; hover_title=&#8221;Asesor\u00edas jur\u00eddicas&#8221; hover_title_font_container=&#8221;font_size:18px&#8221; hover_title_use_theme_fonts=&#8221;yes&#8221; use_custom_fonts_hover_title=&#8221;true&#8221; hover_title_link=&#8221;url:https%3A%2F%2Fdif.irapuato.gob.mx%2Findex.php%2F2022%2F07%2F26%2Fasesorias-juridicas%2F&#8221;]Asesorar legalmente a las y los usuarios que acuden al CEMAIV o que acuden al ser canalizados por alguna instituci\u00f3n.[\/vc_hoverbox][\/vc_column_inner][\/vc_row_inner][\/vc_column][\/vc_row]<\/p>\n","protected":false},"excerpt":{"rendered":"<p>[vc_row css=&#8221;.vc_custom_1658509997014{margin-top: 120px !important;}&#8221;][vc_column][vc_row_inner][vc_column_inner width=&#8221;1\/3&#8243; css=&#8221;.vc_custom_1575392638122{padding-bottom: 30px !important;}&#8221;][\/vc_column_inner][vc_column_inner width=&#8221;1\/3&#8243; css=&#8221;.vc_custom_1575392641496{padding-bottom: 30px !important;}&#8221;][\/vc_column_inner][vc_column_inner width=&#8221;1\/3&#8243; css=&#8221;.vc_custom_1575392645188{padding-bottom: 30px !important;}&#8221;][\/vc_column_inner][\/vc_row_inner][\/vc_column][\/vc_row][vc_row full_width=&#8221;stretch_row&#8221; equal_height=&#8221;yes&#8221; css=&#8221;.vc_custom_1658510034583{padding-bottom: 70px !important;background-color: rgba(255,255,255,0.04) !important;*background-color: rgb(255,255,255) !important;}&#8221;][vc_column][vc_row_inner equal_height=&#8221;yes&#8221; gap=&#8221;30&#8243; css=&#8221;.vc_custom_1658505088976{padding-right: 25px !important;padding-left: 25px !important;}&#8221;][vc_column_inner width=&#8221;1\/3&#8243; css=&#8221;.vc_custom_1575395583553{padding-top: 50px !important;padding-right: 10% !important;padding-bottom: 50px !important;padding-left: 10% !important;background-color: #ffffff !important;}&#8221;][vc_hoverbox image=&#8221;3853&#8243; primary_title=&#8221;&#8221; hover_title=&#8221;Rehabilitaci\u00f3n F\u00edsica&#8221; hover_title_font_container=&#8221;font_size:18px&#8221; hover_title_use_theme_fonts=&#8221;yes&#8221; use_custom_fonts_hover_title=&#8221;true&#8221; hover_title_link=&#8221;url:https%3A%2F%2Fdif.irapuato.gob.mx%2Findex.php%2F2022%2F07%2F22%2Frehabilitacion%2F&#8221;]Enfocados al tratamiento de&hellip;<\/p>\n","protected":false},"author":1,"featured_media":0,"parent":0,"menu_order":20,"comment_status":"closed","ping_status":"closed","template":"","meta":{"footnotes":""},"class_list":["post-1483","page","type-page","status-publish","hentry","description-off"],"_links":{"self":[{"href":"https:\/\/dif.irapuato.gob.mx\/index.php\/wp-json\/wp\/v2\/pages\/1483","targetHints":{"allow":["GET"]}}],"collection":[{"href":"https:\/\/dif.irapuato.gob.mx\/index.php\/wp-json\/wp\/v2\/pages"}],"about":[{"href":"https:\/\/dif.irapuato.gob.mx\/index.php\/wp-json\/wp\/v2\/types\/page"}],"author":[{"embeddable":true,"href":"https:\/\/dif.irapuato.gob.mx\/index.php\/wp-json\/wp\/v2\/users\/1"}],"replies":[{"embeddable":true,"href":"https:\/\/dif.irapuato.gob.mx\/index.php\/wp-json\/wp\/v2\/comments?post=1483"}],"version-history":[{"count":50,"href":"https:\/\/dif.irapuato.gob.mx\/index.php\/wp-json\/wp\/v2\/pages\/1483\/revisions"}],"predecessor-version":[{"id":4169,"href":"https:\/\/dif.irapuato.gob.mx\/index.php\/wp-json\/wp\/v2\/pages\/1483\/revisions\/4169"}],"wp:attachment":[{"href":"https:\/\/dif.irapuato.gob.mx\/index.php\/wp-json\/wp\/v2\/media?parent=1483"}],"curies":[{"name":"wp","href":"https:\/\/api.w.org\/{rel}","templated":true}]}}